{"id":991,"date":"2016-06-09T15:16:16","date_gmt":"2016-06-09T12:16:16","guid":{"rendered":"http:\/\/www.yasintezel.com\/?page_id=991"},"modified":"2017-01-06T15:36:49","modified_gmt":"2017-01-06T13:36:49","slug":"t-c-istanbul-29-mayis-universitesi","status":"publish","type":"page","link":"https:\/\/www.yasintezel.com\/?page_id=991","title":{"rendered":"T.C. \u0130stanbul 29 May\u0131s \u00dcniversitesi"},"content":{"rendered":"<p><strong>Proje Yeri \u00a0: \u00a0 \u00a0 \u00a0 \u00a0 \u00a0 \u00a0 \u00a0<\/strong>\u00dcmraniye &#8211; \u0130stanbul<\/p>\n<p><strong>Proje \u00d6zellikleri\u00a0 : \u00a0 \u00a0 <\/strong>\u00dcniversite Kamp\u00fcs\u00fc ,<\/p>\n<p>D\u00f6rt adet Fak\u00fclte Binas\u0131, K\u00fct\u00fcphane Binas\u0131, Rekt\u00f6rl\u00fck Binas\u0131, Spor Salonlar\u0131, Otopark ve ortak alanlardan olu\u015fan Kamp\u00fcs projesi<\/p>\n<p>&nbsp;<\/p>\n<p><strong>\u0130n\u015faat Alan\u0131 \u00a0: \u00a0 \u00a0 \u00a0 \u00a0 \u00a0 \u00a0<\/strong>120.000 m2<\/p>\n<p><strong>Tarih : \u00a0 \u00a0 \u00a0 \u00a0 \u00a0 \u00a0 \u00a0 \u00a0 \u00a0 \u00a0 \u00a0<\/strong>05\/2016<\/p>\n\n\t\t<style type=\"text\/css\">\n\t\t\t#gallery-1 {\n\t\t\t\tmargin: auto;\n\t\t\t}\n\t\t\t#gallery-1 .gallery-item {\n\t\t\t\tfloat: left;\n\t\t\t\tmargin-top: 10px;\n\t\t\t\ttext-align: center;\n\t\t\t\twidth: 50%;\n\t\t\t}\n\t\t\t#gallery-1 img {\n\t\t\t\tborder: 2px solid #cfcfcf;\n\t\t\t}\n\t\t\t#gallery-1 .gallery-caption {\n\t\t\t\tmargin-left: 0;\n\t\t\t}\n\t\t\t\/* see gallery_shortcode() in wp-includes\/media.php *\/\n\t\t<\/style>\n\t\t<div id='gallery-1' class='gallery galleryid-991 gallery-columns-2 gallery-size-medium'><dl class='gallery-item'>\n\t\t\t<dt class='gallery-icon landscape'>\n\t\t\t\t<a href='https:\/\/www.yasintezel.com\/wp-content\/uploads\/2016\/06\/IMG-20160527-WA0004.jpg'><img width=\"300\" height=\"169\" src=\"https:\/\/www.yasintezel.com\/wp-content\/uploads\/2016\/06\/IMG-20160527-WA0004-300x169.jpg\" class=\"attachment-medium size-medium\" alt=\"\" decoding=\"async\" loading=\"lazy\" srcset=\"https:\/\/www.yasintezel.com\/wp-content\/uploads\/2016\/06\/IMG-20160527-WA0004-300x169.jpg 300w, https:\/\/www.yasintezel.com\/wp-content\/uploads\/2016\/06\/IMG-20160527-WA0004-768x432.jpg 768w, https:\/\/www.yasintezel.com\/wp-content\/uploads\/2016\/06\/IMG-20160527-WA0004-1024x576.jpg 1024w, https:\/\/www.yasintezel.com\/wp-content\/uploads\/2016\/06\/IMG-20160527-WA0004.jpg 1280w\" sizes=\"(max-width: 300px) 100vw, 300px\" \/><\/a>\n\t\t\t<\/dt><\/dl><dl class='gallery-item'>\n\t\t\t<dt class='gallery-icon landscape'>\n\t\t\t\t<a href='https:\/\/www.yasintezel.com\/wp-content\/uploads\/2016\/06\/IMG-20160527-WA0001.jpg'><img width=\"300\" height=\"169\" src=\"https:\/\/www.yasintezel.com\/wp-content\/uploads\/2016\/06\/IMG-20160527-WA0001-300x169.jpg\" class=\"attachment-medium size-medium\" alt=\"\" decoding=\"async\" loading=\"lazy\" srcset=\"https:\/\/www.yasintezel.com\/wp-content\/uploads\/2016\/06\/IMG-20160527-WA0001-300x169.jpg 300w, https:\/\/www.yasintezel.com\/wp-content\/uploads\/2016\/06\/IMG-20160527-WA0001-768x432.jpg 768w, https:\/\/www.yasintezel.com\/wp-content\/uploads\/2016\/06\/IMG-20160527-WA0001-1024x576.jpg 1024w, https:\/\/www.yasintezel.com\/wp-content\/uploads\/2016\/06\/IMG-20160527-WA0001.jpg 1280w\" sizes=\"(max-width: 300px) 100vw, 300px\" \/><\/a>\n\t\t\t<\/dt><\/dl><br style=\"clear: both\" \/><dl class='gallery-item'>\n\t\t\t<dt class='gallery-icon landscape'>\n\t\t\t\t<a href='https:\/\/www.yasintezel.com\/wp-content\/uploads\/2016\/06\/IMG-20160527-WA0006.jpg'><img width=\"300\" height=\"169\" src=\"https:\/\/www.yasintezel.com\/wp-content\/uploads\/2016\/06\/IMG-20160527-WA0006-300x169.jpg\" class=\"attachment-medium size-medium\" alt=\"\" decoding=\"async\" loading=\"lazy\" srcset=\"https:\/\/www.yasintezel.com\/wp-content\/uploads\/2016\/06\/IMG-20160527-WA0006-300x169.jpg 300w, https:\/\/www.yasintezel.com\/wp-content\/uploads\/2016\/06\/IMG-20160527-WA0006-768x432.jpg 768w, https:\/\/www.yasintezel.com\/wp-content\/uploads\/2016\/06\/IMG-20160527-WA0006-1024x576.jpg 1024w, https:\/\/www.yasintezel.com\/wp-content\/uploads\/2016\/06\/IMG-20160527-WA0006.jpg 1280w\" sizes=\"(max-width: 300px) 100vw, 300px\" \/><\/a>\n\t\t\t<\/dt><\/dl><dl class='gallery-item'>\n\t\t\t<dt class='gallery-icon landscape'>\n\t\t\t\t<a href='https:\/\/www.yasintezel.com\/wp-content\/uploads\/2016\/06\/IMG-20160527-WA0012.jpg'><img width=\"300\" height=\"169\" src=\"https:\/\/www.yasintezel.com\/wp-content\/uploads\/2016\/06\/IMG-20160527-WA0012-300x169.jpg\" class=\"attachment-medium size-medium\" alt=\"\" decoding=\"async\" loading=\"lazy\" srcset=\"https:\/\/www.yasintezel.com\/wp-content\/uploads\/2016\/06\/IMG-20160527-WA0012-300x169.jpg 300w, https:\/\/www.yasintezel.com\/wp-content\/uploads\/2016\/06\/IMG-20160527-WA0012-768x432.jpg 768w, https:\/\/www.yasintezel.com\/wp-content\/uploads\/2016\/06\/IMG-20160527-WA0012-1024x576.jpg 1024w, https:\/\/www.yasintezel.com\/wp-content\/uploads\/2016\/06\/IMG-20160527-WA0012.jpg 1280w\" sizes=\"(max-width: 300px) 100vw, 300px\" \/><\/a>\n\t\t\t<\/dt><\/dl><br style=\"clear: both\" \/><dl class='gallery-item'>\n\t\t\t<dt class='gallery-icon landscape'>\n\t\t\t\t<a href='https:\/\/www.yasintezel.com\/wp-content\/uploads\/2016\/06\/IMG-20160527-WA0011.jpg'><img width=\"300\" height=\"169\" src=\"https:\/\/www.yasintezel.com\/wp-content\/uploads\/2016\/06\/IMG-20160527-WA0011-300x169.jpg\" class=\"attachment-medium size-medium\" alt=\"\" decoding=\"async\" loading=\"lazy\" srcset=\"https:\/\/www.yasintezel.com\/wp-content\/uploads\/2016\/06\/IMG-20160527-WA0011-300x169.jpg 300w, https:\/\/www.yasintezel.com\/wp-content\/uploads\/2016\/06\/IMG-20160527-WA0011-768x432.jpg 768w, https:\/\/www.yasintezel.com\/wp-content\/uploads\/2016\/06\/IMG-20160527-WA0011-1024x576.jpg 1024w, https:\/\/www.yasintezel.com\/wp-content\/uploads\/2016\/06\/IMG-20160527-WA0011.jpg 1280w\" sizes=\"(max-width: 300px) 100vw, 300px\" \/><\/a>\n\t\t\t<\/dt><\/dl><dl class='gallery-item'>\n\t\t\t<dt class='gallery-icon landscape'>\n\t\t\t\t<a href='https:\/\/www.yasintezel.com\/wp-content\/uploads\/2016\/06\/IMG-20160527-WA0010.jpg'><img width=\"300\" height=\"169\" src=\"https:\/\/www.yasintezel.com\/wp-content\/uploads\/2016\/06\/IMG-20160527-WA0010-300x169.jpg\" class=\"attachment-medium size-medium\" alt=\"\" decoding=\"async\" loading=\"lazy\" srcset=\"https:\/\/www.yasintezel.com\/wp-content\/uploads\/2016\/06\/IMG-20160527-WA0010-300x169.jpg 300w, https:\/\/www.yasintezel.com\/wp-content\/uploads\/2016\/06\/IMG-20160527-WA0010-768x432.jpg 768w, https:\/\/www.yasintezel.com\/wp-content\/uploads\/2016\/06\/IMG-20160527-WA0010-1024x576.jpg 1024w, https:\/\/www.yasintezel.com\/wp-content\/uploads\/2016\/06\/IMG-20160527-WA0010.jpg 1280w\" sizes=\"(max-width: 300px) 100vw, 300px\" \/><\/a>\n\t\t\t<\/dt><\/dl><br style=\"clear: both\" \/><dl class='gallery-item'>\n\t\t\t<dt class='gallery-icon landscape'>\n\t\t\t\t<a href='https:\/\/www.yasintezel.com\/wp-content\/uploads\/2016\/06\/IMG-20160527-WA0009.jpg'><img width=\"300\" height=\"169\" src=\"https:\/\/www.yasintezel.com\/wp-content\/uploads\/2016\/06\/IMG-20160527-WA0009-300x169.jpg\" class=\"attachment-medium size-medium\" alt=\"\" decoding=\"async\" loading=\"lazy\" srcset=\"https:\/\/www.yasintezel.com\/wp-content\/uploads\/2016\/06\/IMG-20160527-WA0009-300x169.jpg 300w, https:\/\/www.yasintezel.com\/wp-content\/uploads\/2016\/06\/IMG-20160527-WA0009-768x432.jpg 768w, https:\/\/www.yasintezel.com\/wp-content\/uploads\/2016\/06\/IMG-20160527-WA0009-1024x576.jpg 1024w, https:\/\/www.yasintezel.com\/wp-content\/uploads\/2016\/06\/IMG-20160527-WA0009.jpg 1280w\" sizes=\"(max-width: 300px) 100vw, 300px\" \/><\/a>\n\t\t\t<\/dt><\/dl><dl class='gallery-item'>\n\t\t\t<dt class='gallery-icon landscape'>\n\t\t\t\t<a href='https:\/\/www.yasintezel.com\/wp-content\/uploads\/2016\/06\/IMG-20160527-WA0008.jpg'><img width=\"300\" height=\"169\" src=\"https:\/\/www.yasintezel.com\/wp-content\/uploads\/2016\/06\/IMG-20160527-WA0008-300x169.jpg\" class=\"attachment-medium size-medium\" alt=\"\" decoding=\"async\" loading=\"lazy\" srcset=\"https:\/\/www.yasintezel.com\/wp-content\/uploads\/2016\/06\/IMG-20160527-WA0008-300x169.jpg 300w, https:\/\/www.yasintezel.com\/wp-content\/uploads\/2016\/06\/IMG-20160527-WA0008-768x432.jpg 768w, https:\/\/www.yasintezel.com\/wp-content\/uploads\/2016\/06\/IMG-20160527-WA0008-1024x576.jpg 1024w, https:\/\/www.yasintezel.com\/wp-content\/uploads\/2016\/06\/IMG-20160527-WA0008.jpg 1280w\" sizes=\"(max-width: 300px) 100vw, 300px\" \/><\/a>\n\t\t\t<\/dt><\/dl><br style=\"clear: both\" \/><dl class='gallery-item'>\n\t\t\t<dt class='gallery-icon landscape'>\n\t\t\t\t<a href='https:\/\/www.yasintezel.com\/wp-content\/uploads\/2016\/06\/IMG-20160527-WA0007.jpg'><img width=\"300\" height=\"169\" src=\"https:\/\/www.yasintezel.com\/wp-content\/uploads\/2016\/06\/IMG-20160527-WA0007-300x169.jpg\" class=\"attachment-medium size-medium\" alt=\"\" decoding=\"async\" loading=\"lazy\" srcset=\"https:\/\/www.yasintezel.com\/wp-content\/uploads\/2016\/06\/IMG-20160527-WA0007-300x169.jpg 300w, https:\/\/www.yasintezel.com\/wp-content\/uploads\/2016\/06\/IMG-20160527-WA0007-768x432.jpg 768w, https:\/\/www.yasintezel.com\/wp-content\/uploads\/2016\/06\/IMG-20160527-WA0007-1024x576.jpg 1024w, https:\/\/www.yasintezel.com\/wp-content\/uploads\/2016\/06\/IMG-20160527-WA0007.jpg 1280w\" sizes=\"(max-width: 300px) 100vw, 300px\" \/><\/a>\n\t\t\t<\/dt><\/dl><dl class='gallery-item'>\n\t\t\t<dt class='gallery-icon landscape'>\n\t\t\t\t<a href='https:\/\/www.yasintezel.com\/wp-content\/uploads\/2016\/06\/IMG-20160527-WA0005.jpg'><img width=\"300\" height=\"169\" src=\"https:\/\/www.yasintezel.com\/wp-content\/uploads\/2016\/06\/IMG-20160527-WA0005-300x169.jpg\" class=\"attachment-medium size-medium\" alt=\"\" decoding=\"async\" loading=\"lazy\" srcset=\"https:\/\/www.yasintezel.com\/wp-content\/uploads\/2016\/06\/IMG-20160527-WA0005-300x169.jpg 300w, https:\/\/www.yasintezel.com\/wp-content\/uploads\/2016\/06\/IMG-20160527-WA0005-768x432.jpg 768w, https:\/\/www.yasintezel.com\/wp-content\/uploads\/2016\/06\/IMG-20160527-WA0005-1024x576.jpg 1024w, https:\/\/www.yasintezel.com\/wp-content\/uploads\/2016\/06\/IMG-20160527-WA0005.jpg 1280w\" sizes=\"(max-width: 300px) 100vw, 300px\" \/><\/a>\n\t\t\t<\/dt><\/dl><br style=\"clear: both\" \/><dl class='gallery-item'>\n\t\t\t<dt class='gallery-icon landscape'>\n\t\t\t\t<a href='https:\/\/www.yasintezel.com\/wp-content\/uploads\/2016\/06\/IMG-20160527-WA0003.jpg'><img width=\"300\" height=\"169\" src=\"https:\/\/www.yasintezel.com\/wp-content\/uploads\/2016\/06\/IMG-20160527-WA0003-300x169.jpg\" class=\"attachment-medium size-medium\" alt=\"\" decoding=\"async\" loading=\"lazy\" srcset=\"https:\/\/www.yasintezel.com\/wp-content\/uploads\/2016\/06\/IMG-20160527-WA0003-300x169.jpg 300w, https:\/\/www.yasintezel.com\/wp-content\/uploads\/2016\/06\/IMG-20160527-WA0003-768x432.jpg 768w, https:\/\/www.yasintezel.com\/wp-content\/uploads\/2016\/06\/IMG-20160527-WA0003-1024x576.jpg 1024w, https:\/\/www.yasintezel.com\/wp-content\/uploads\/2016\/06\/IMG-20160527-WA0003.jpg 1280w\" sizes=\"(max-width: 300px) 100vw, 300px\" \/><\/a>\n\t\t\t<\/dt><\/dl><dl class='gallery-item'>\n\t\t\t<dt class='gallery-icon landscape'>\n\t\t\t\t<a href='https:\/\/www.yasintezel.com\/wp-content\/uploads\/2016\/06\/IMG-20160527-WA0002.jpg'><img width=\"300\" height=\"169\" src=\"https:\/\/www.yasintezel.com\/wp-content\/uploads\/2016\/06\/IMG-20160527-WA0002-300x169.jpg\" class=\"attachment-medium size-medium\" alt=\"\" decoding=\"async\" loading=\"lazy\" srcset=\"https:\/\/www.yasintezel.com\/wp-content\/uploads\/2016\/06\/IMG-20160527-WA0002-300x169.jpg 300w, https:\/\/www.yasintezel.com\/wp-content\/uploads\/2016\/06\/IMG-20160527-WA0002-768x432.jpg 768w, https:\/\/www.yasintezel.com\/wp-content\/uploads\/2016\/06\/IMG-20160527-WA0002-1024x576.jpg 1024w, https:\/\/www.yasintezel.com\/wp-content\/uploads\/2016\/06\/IMG-20160527-WA0002.jpg 1280w\" sizes=\"(max-width: 300px) 100vw, 300px\" \/><\/a>\n\t\t\t<\/dt><\/dl><br style=\"clear: both\" \/><dl class='gallery-item'>\n\t\t\t<dt class='gallery-icon landscape'>\n\t\t\t\t<a href='https:\/\/www.yasintezel.com\/wp-content\/uploads\/2016\/06\/IMG-20160527-WA0013.jpg'><img width=\"300\" height=\"169\" src=\"https:\/\/www.yasintezel.com\/wp-content\/uploads\/2016\/06\/IMG-20160527-WA0013-300x169.jpg\" class=\"attachment-medium size-medium\" alt=\"\" decoding=\"async\" loading=\"lazy\" srcset=\"https:\/\/www.yasintezel.com\/wp-content\/uploads\/2016\/06\/IMG-20160527-WA0013-300x169.jpg 300w, https:\/\/www.yasintezel.com\/wp-content\/uploads\/2016\/06\/IMG-20160527-WA0013-768x432.jpg 768w, https:\/\/www.yasintezel.com\/wp-content\/uploads\/2016\/06\/IMG-20160527-WA0013-1024x576.jpg 1024w, https:\/\/www.yasintezel.com\/wp-content\/uploads\/2016\/06\/IMG-20160527-WA0013.jpg 1280w\" sizes=\"(max-width: 300px) 100vw, 300px\" \/><\/a>\n\t\t\t<\/dt><\/dl>\n\t\t\t<br style='clear: both' \/>\n\t\t<\/div>\n\n<p><a href=\"http:\/\/www.yasintezel.com\/wp-content\/uploads\/2016\/06\/IMG-20160527-WA0013.jpg\" rel=\"attachment wp-att-989\"><br \/>\n<\/a> <a href=\"http:\/\/www.yasintezel.com\/?attachment_id=988\" rel=\"attachment wp-att-988\"><br \/>\n<\/a> <a href=\"http:\/\/www.yasintezel.com\/?attachment_id=987\" rel=\"attachment wp-att-987\"><br \/>\n<\/a> <a href=\"http:\/\/www.yasintezel.com\/?attachment_id=986\" rel=\"attachment wp-att-986\"><br \/>\n<\/a> <a href=\"http:\/\/www.yasintezel.com\/?attachment_id=985\" rel=\"attachment wp-att-985\"><br \/>\n<\/a> <a href=\"http:\/\/www.yasintezel.com\/wp-content\/uploads\/2016\/06\/IMG-20160527-WA0008.jpg\" rel=\"attachment wp-att-984\"><br \/>\n<\/a> <a href=\"http:\/\/www.yasintezel.com\/?attachment_id=983\" rel=\"attachment wp-att-983\"><br \/>\n<\/a> <a href=\"http:\/\/www.yasintezel.com\/?attachment_id=982\" rel=\"attachment wp-att-982\"><br \/>\n<\/a> <a href=\"http:\/\/www.yasintezel.com\/?attachment_id=981\" rel=\"attachment wp-att-981\"><br \/>\n<\/a> <a href=\"http:\/\/www.yasintezel.com\/?attachment_id=980\" rel=\"attachment wp-att-980\"><br \/>\n<\/a> <a href=\"http:\/\/www.yasintezel.com\/?attachment_id=979\" rel=\"attachment wp-att-979\"><br \/>\n<\/a> <a href=\"http:\/\/www.yasintezel.com\/?attachment_id=978\" rel=\"attachment wp-att-978\"><br \/>\n<\/a><\/p>\n<p>&nbsp;<\/p>\n","protected":false},"excerpt":{"rendered":"<p>Proje Yeri \u00a0: \u00a0 \u00a0 \u00a0 \u00a0 \u00a0 \u00a0 \u00a0\u00dcmraniye &#8211; \u0130stanbul Proje \u00d6zellikleri\u00a0 : \u00a0 \u00a0 \u00dcniversite Kamp\u00fcs\u00fc , D\u00f6rt adet Fak\u00fclte Binas\u0131, K\u00fct\u00fcphane Binas\u0131, Rekt\u00f6rl\u00fck Binas\u0131, Spor Salonlar\u0131, Otopark ve ortak alanlardan olu\u015fan Kamp\u00fcs projesi &nbsp; \u0130n\u015faat Alan\u0131&hellip; <\/p>\n","protected":false},"author":1,"featured_media":978,"parent":22,"menu_order":1,"comment_status":"closed","ping_status":"closed","template":"","meta":[],"_links":{"self":[{"href":"https:\/\/www.yasintezel.com\/index.php?rest_route=\/wp\/v2\/pages\/991"}],"collection":[{"href":"https:\/\/www.yasintezel.com\/index.php?rest_route=\/wp\/v2\/pages"}],"about":[{"href":"https:\/\/www.yasintezel.com\/index.php?rest_route=\/wp\/v2\/types\/page"}],"author":[{"embeddable":true,"href":"https:\/\/www.yasintezel.com\/index.php?rest_route=\/wp\/v2\/users\/1"}],"replies":[{"embeddable":true,"href":"https:\/\/www.yasintezel.com\/index.php?rest_route=%2Fwp%2Fv2%2Fcomments&post=991"}],"version-history":[{"count":11,"href":"https:\/\/www.yasintezel.com\/index.php?rest_route=\/wp\/v2\/pages\/991\/revisions"}],"predecessor-version":[{"id":1003,"href":"https:\/\/www.yasintezel.com\/index.php?rest_route=\/wp\/v2\/pages\/991\/revisions\/1003"}],"up":[{"embeddable":true,"href":"https:\/\/www.yasintezel.com\/index.php?rest_route=\/wp\/v2\/pages\/22"}],"wp:featuredmedia":[{"embeddable":true,"href":"https:\/\/www.yasintezel.com\/index.php?rest_route=\/wp\/v2\/media\/978"}],"wp:attachment":[{"href":"https:\/\/www.yasintezel.com\/index.php?rest_route=%2Fwp%2Fv2%2Fmedia&parent=991"}],"curies":[{"name":"wp","href":"https:\/\/api.w.org\/{rel}","templated":true}]}}