{"id":931,"date":"2016-02-19T17:50:41","date_gmt":"2016-02-19T15:50:41","guid":{"rendered":"http:\/\/www.yasintezel.com\/?page_id=931"},"modified":"2017-01-06T15:52:10","modified_gmt":"2017-01-06T13:52:10","slug":"park-life-konutlari","status":"publish","type":"page","link":"https:\/\/www.yasintezel.com\/?page_id=931","title":{"rendered":"Park Life Konutlar\u0131"},"content":{"rendered":"<p><strong>Proje Yeri \u00a0: \u00a0 \u00a0 \u00a0 \u00a0 \u00a0 \u00a0 \u00a0<\/strong>Konya &#8211; Ere\u011fli<\/p>\n<p><strong>Proje \u00d6zellikleri\u00a0 : \u00a0 \u00a0 <\/strong>2 Blok Konut + Otopark,\u00a0\u00a011 Katl\u0131<\/p>\n<p><strong>\u0130n\u015faat Alan\u0131 \u00a0: \u00a0 \u00a0 \u00a0 \u00a0 \u00a0 \u00a0<\/strong>13.500 m2<\/p>\n<p><strong>Tarih : \u00a0 \u00a0 \u00a0 \u00a0 \u00a0 \u00a0 \u00a0 \u00a0 \u00a0 \u00a0 \u00a0 \u00a0\u00a0<\/strong>01\/2015<\/p>\n\n\t\t<style type=\"text\/css\">\n\t\t\t#gallery-1 {\n\t\t\t\tmargin: auto;\n\t\t\t}\n\t\t\t#gallery-1 .gallery-item {\n\t\t\t\tfloat: left;\n\t\t\t\tmargin-top: 10px;\n\t\t\t\ttext-align: center;\n\t\t\t\twidth: 33%;\n\t\t\t}\n\t\t\t#gallery-1 img {\n\t\t\t\tborder: 2px solid #cfcfcf;\n\t\t\t}\n\t\t\t#gallery-1 .gallery-caption {\n\t\t\t\tmargin-left: 0;\n\t\t\t}\n\t\t\t\/* see gallery_shortcode() in wp-includes\/media.php *\/\n\t\t<\/style>\n\t\t<div id='gallery-1' class='gallery galleryid-931 gallery-columns-3 gallery-size-thumbnail'><dl class='gallery-item'>\n\t\t\t<dt class='gallery-icon landscape'>\n\t\t\t\t<a href='https:\/\/www.yasintezel.com\/wp-content\/uploads\/2016\/02\/PERSPEKT\u0130F-1r-1.jpg'><img width=\"150\" height=\"150\" src=\"https:\/\/www.yasintezel.com\/wp-content\/uploads\/2016\/02\/PERSPEKT\u0130F-1r-1-150x150.jpg\" class=\"attachment-thumbnail size-thumbnail\" alt=\"\" decoding=\"async\" loading=\"lazy\" \/><\/a>\n\t\t\t<\/dt><\/dl><dl class='gallery-item'>\n\t\t\t<dt class='gallery-icon landscape'>\n\t\t\t\t<a href='https:\/\/www.yasintezel.com\/wp-content\/uploads\/2016\/02\/PERSPEKT\u0130F-3r.jpg'><img width=\"150\" height=\"150\" src=\"https:\/\/www.yasintezel.com\/wp-content\/uploads\/2016\/02\/PERSPEKT\u0130F-3r-150x150.jpg\" class=\"attachment-thumbnail size-thumbnail\" alt=\"\" decoding=\"async\" loading=\"lazy\" \/><\/a>\n\t\t\t<\/dt><\/dl><dl class='gallery-item'>\n\t\t\t<dt class='gallery-icon landscape'>\n\t\t\t\t<a href='https:\/\/www.yasintezel.com\/wp-content\/uploads\/2016\/02\/PERSPEKT\u0130F-6-1.jpg'><img width=\"150\" height=\"150\" src=\"https:\/\/www.yasintezel.com\/wp-content\/uploads\/2016\/02\/PERSPEKT\u0130F-6-1-150x150.jpg\" class=\"attachment-thumbnail size-thumbnail\" alt=\"\" decoding=\"async\" loading=\"lazy\" \/><\/a>\n\t\t\t<\/dt><\/dl><br style=\"clear: both\" \/><dl class='gallery-item'>\n\t\t\t<dt class='gallery-icon landscape'>\n\t\t\t\t<a href='https:\/\/www.yasintezel.com\/wp-content\/uploads\/2016\/02\/PERSPEKT\u0130F-7r-1.jpg'><img width=\"150\" height=\"150\" src=\"https:\/\/www.yasintezel.com\/wp-content\/uploads\/2016\/02\/PERSPEKT\u0130F-7r-1-150x150.jpg\" class=\"attachment-thumbnail size-thumbnail\" alt=\"\" decoding=\"async\" loading=\"lazy\" \/><\/a>\n\t\t\t<\/dt><\/dl><dl class='gallery-item'>\n\t\t\t<dt class='gallery-icon landscape'>\n\t\t\t\t<a href='https:\/\/www.yasintezel.com\/wp-content\/uploads\/2016\/02\/PERSPEKT\u0130F-8-1.jpg'><img width=\"150\" height=\"150\" src=\"https:\/\/www.yasintezel.com\/wp-content\/uploads\/2016\/02\/PERSPEKT\u0130F-8-1-150x150.jpg\" class=\"attachment-thumbnail size-thumbnail\" alt=\"\" decoding=\"async\" loading=\"lazy\" \/><\/a>\n\t\t\t<\/dt><\/dl><dl class='gallery-item'>\n\t\t\t<dt class='gallery-icon landscape'>\n\t\t\t\t<a href='https:\/\/www.yasintezel.com\/wp-content\/uploads\/2016\/02\/PERSPEKT\u0130F-2-1.jpg'><img width=\"150\" height=\"150\" src=\"https:\/\/www.yasintezel.com\/wp-content\/uploads\/2016\/02\/PERSPEKT\u0130F-2-1-150x150.jpg\" class=\"attachment-thumbnail size-thumbnail\" alt=\"\" decoding=\"async\" loading=\"lazy\" \/><\/a>\n\t\t\t<\/dt><\/dl><br style=\"clear: both\" \/>\n\t\t<\/div>\n\n","protected":false},"excerpt":{"rendered":"<p>Proje Yeri \u00a0: \u00a0 \u00a0 \u00a0 \u00a0 \u00a0 \u00a0 \u00a0Konya &#8211; Ere\u011fli Proje \u00d6zellikleri\u00a0 : \u00a0 \u00a0 2 Blok Konut + Otopark,\u00a0\u00a011 Katl\u0131 \u0130n\u015faat Alan\u0131 \u00a0: \u00a0 \u00a0 \u00a0 \u00a0 \u00a0 \u00a013.500 m2 Tarih : \u00a0 \u00a0 \u00a0 \u00a0 \u00a0&hellip; <\/p>\n","protected":false},"author":1,"featured_media":961,"parent":22,"menu_order":0,"comment_status":"closed","ping_status":"closed","template":"","meta":[],"_links":{"self":[{"href":"https:\/\/www.yasintezel.com\/index.php?rest_route=\/wp\/v2\/pages\/931"}],"collection":[{"href":"https:\/\/www.yasintezel.com\/index.php?rest_route=\/wp\/v2\/pages"}],"about":[{"href":"https:\/\/www.yasintezel.com\/index.php?rest_route=\/wp\/v2\/types\/page"}],"author":[{"embeddable":true,"href":"https:\/\/www.yasintezel.com\/index.php?rest_route=\/wp\/v2\/users\/1"}],"replies":[{"embeddable":true,"href":"https:\/\/www.yasintezel.com\/index.php?rest_route=%2Fwp%2Fv2%2Fcomments&post=931"}],"version-history":[{"count":9,"href":"https:\/\/www.yasintezel.com\/index.php?rest_route=\/wp\/v2\/pages\/931\/revisions"}],"predecessor-version":[{"id":951,"href":"https:\/\/www.yasintezel.com\/index.php?rest_route=\/wp\/v2\/pages\/931\/revisions\/951"}],"up":[{"embeddable":true,"href":"https:\/\/www.yasintezel.com\/index.php?rest_route=\/wp\/v2\/pages\/22"}],"wp:featuredmedia":[{"embeddable":true,"href":"https:\/\/www.yasintezel.com\/index.php?rest_route=\/wp\/v2\/media\/961"}],"wp:attachment":[{"href":"https:\/\/www.yasintezel.com\/index.php?rest_route=%2Fwp%2Fv2%2Fmedia&parent=931"}],"curies":[{"name":"wp","href":"https:\/\/api.w.org\/{rel}","templated":true}]}}