{"id":783,"date":"2014-04-09T10:30:57","date_gmt":"2014-04-09T07:30:57","guid":{"rendered":"http:\/\/www.yasintezel.com\/?page_id=783"},"modified":"2015-01-17T13:31:10","modified_gmt":"2015-01-17T11:31:10","slug":"iletisim-2","status":"publish","type":"page","link":"https:\/\/www.yasintezel.com\/?page_id=783","title":{"rendered":"\u0130leti\u015fim"},"content":{"rendered":"<h3><strong>Statik Proje, G\u00fc\u00e7lendirme Projeleri, 3B &#8211; 2B Render ve G\u00f6rsel Tasar\u0131mlar i\u00e7in<\/strong><\/h3>\n<h4 style=\"padding-left: 30px;\">\u0130n\u015f.M\u00fch.\u00a0 Yasin Tezel<\/h4>\n<address style=\"padding-left: 30px;\"><strong>E-mail<\/strong>\u00a0: \u00a0\u00a0yasin@tezelproje.com<\/address>\n<address style=\"padding-left: 90px;\">yasinte@gmail.com<\/address>\n<p style=\"padding-left: 30px;\"><strong>Tel :\u00a0<\/strong>0532 302 52 69<\/p>\n","protected":false},"excerpt":{"rendered":"<p>Statik Proje, G\u00fc\u00e7lendirme Projeleri, 3B &#8211; 2B Render ve G\u00f6rsel Tasar\u0131mlar i\u00e7in \u0130n\u015f.M\u00fch.\u00a0 Yasin Tezel E-mail\u00a0: \u00a0\u00a0yasin@tezelproje.com yasinte@gmail.com Tel :\u00a00532 302 52 69<\/p>\n","protected":false},"author":1,"featured_media":0,"parent":0,"menu_order":0,"comment_status":"closed","ping_status":"closed","template":"","meta":[],"_links":{"self":[{"href":"https:\/\/www.yasintezel.com\/index.php?rest_route=\/wp\/v2\/pages\/783"}],"collection":[{"href":"https:\/\/www.yasintezel.com\/index.php?rest_route=\/wp\/v2\/pages"}],"about":[{"href":"https:\/\/www.yasintezel.com\/index.php?rest_route=\/wp\/v2\/types\/page"}],"author":[{"embeddable":true,"href":"https:\/\/www.yasintezel.com\/index.php?rest_route=\/wp\/v2\/users\/1"}],"replies":[{"embeddable":true,"href":"https:\/\/www.yasintezel.com\/index.php?rest_route=%2Fwp%2Fv2%2Fcomments&post=783"}],"version-history":[{"count":6,"href":"https:\/\/www.yasintezel.com\/index.php?rest_route=\/wp\/v2\/pages\/783\/revisions"}],"predecessor-version":[{"id":974,"href":"https:\/\/www.yasintezel.com\/index.php?rest_route=\/wp\/v2\/pages\/783\/revisions\/974"}],"wp:attachment":[{"href":"https:\/\/www.yasintezel.com\/index.php?rest_route=%2Fwp%2Fv2%2Fmedia&parent=783"}],"curies":[{"name":"wp","href":"https:\/\/api.w.org\/{rel}","templated":true}]}}