{"id":365,"date":"2012-01-23T17:37:17","date_gmt":"2012-01-23T15:37:17","guid":{"rendered":"http:\/\/www.yasintezel.com\/?page_id=365"},"modified":"2017-01-04T09:45:41","modified_gmt":"2017-01-04T07:45:41","slug":"cizre-okul-binasi-yonetim","status":"publish","type":"page","link":"https:\/\/www.yasintezel.com\/?page_id=365","title":{"rendered":"Cizre Okul B. Y\u00f6netim"},"content":{"rendered":"<p>&nbsp;<\/p>\n<p><strong>Proje Yeri \u00a0: \u00a0 \u00a0 \u00a0 \u00a0 \u00a0 \u00a0 \u00a0<\/strong>Cizre \u00a0&#8211; \u015e\u0131rnak<\/p>\n<p><strong>Proje \u00d6zellikleri\u00a0 : \u00a0 \u00a0\u00a0<\/strong>Okul Binas\u0131 Y\u00f6netim B\u00f6l\u00fcm\u00fc , 4 Kat<\/p>\n<p><strong>\u0130n\u015faat Alan\u0131 \u00a0: \u00a0 \u00a0 \u00a0 \u00a0 \u00a0 \u00a0<\/strong>1250 m2<\/p>\n<p><strong>Tarih : \u00a0 \u00a0 \u00a0 \u00a0 \u00a0 \u00a0 \u00a0 \u00a0 \u00a0 \u00a0 \u00a0<\/strong>9\/2011<\/p>\n\n\t\t<style type=\"text\/css\">\n\t\t\t#gallery-1 {\n\t\t\t\tmargin: auto;\n\t\t\t}\n\t\t\t#gallery-1 .gallery-item {\n\t\t\t\tfloat: left;\n\t\t\t\tmargin-top: 10px;\n\t\t\t\ttext-align: center;\n\t\t\t\twidth: 33%;\n\t\t\t}\n\t\t\t#gallery-1 img {\n\t\t\t\tborder: 2px solid #cfcfcf;\n\t\t\t}\n\t\t\t#gallery-1 .gallery-caption {\n\t\t\t\tmargin-left: 0;\n\t\t\t}\n\t\t\t\/* see gallery_shortcode() in wp-includes\/media.php *\/\n\t\t<\/style>\n\t\t<div id='gallery-1' class='gallery galleryid-365 gallery-columns-3 gallery-size-thumbnail'><dl class='gallery-item'>\n\t\t\t<dt class='gallery-icon landscape'>\n\t\t\t\t<a href='https:\/\/www.yasintezel.com\/wp-content\/uploads\/2012\/01\/okul-y\u00f6netim.jpg'><img width=\"150\" height=\"150\" src=\"https:\/\/www.yasintezel.com\/wp-content\/uploads\/2012\/01\/okul-y\u00f6netim-150x150.jpg\" class=\"attachment-thumbnail size-thumbnail\" alt=\"\" decoding=\"async\" loading=\"lazy\" \/><\/a>\n\t\t\t<\/dt><\/dl><dl class='gallery-item'>\n\t\t\t<dt class='gallery-icon landscape'>\n\t\t\t\t<a href='https:\/\/www.yasintezel.com\/wp-content\/uploads\/2012\/01\/okul-y\u00f6netim2.jpg'><img width=\"150\" height=\"150\" src=\"https:\/\/www.yasintezel.com\/wp-content\/uploads\/2012\/01\/okul-y\u00f6netim2-150x150.jpg\" class=\"attachment-thumbnail size-thumbnail\" alt=\"\" decoding=\"async\" loading=\"lazy\" \/><\/a>\n\t\t\t<\/dt><\/dl><dl class='gallery-item'>\n\t\t\t<dt class='gallery-icon landscape'>\n\t\t\t\t<a href='https:\/\/www.yasintezel.com\/wp-content\/uploads\/2012\/01\/okul-y\u00f6netim3.jpg'><img width=\"150\" height=\"150\" src=\"https:\/\/www.yasintezel.com\/wp-content\/uploads\/2012\/01\/okul-y\u00f6netim3-150x150.jpg\" class=\"attachment-thumbnail size-thumbnail\" alt=\"\" decoding=\"async\" loading=\"lazy\" \/><\/a>\n\t\t\t<\/dt><\/dl><br style=\"clear: both\" \/>\n\t\t<\/div>\n\n","protected":false},"excerpt":{"rendered":"<p>&nbsp; Proje Yeri \u00a0: \u00a0 \u00a0 \u00a0 \u00a0 \u00a0 \u00a0 \u00a0Cizre \u00a0&#8211; \u015e\u0131rnak Proje \u00d6zellikleri\u00a0 : \u00a0 \u00a0\u00a0Okul Binas\u0131 Y\u00f6netim B\u00f6l\u00fcm\u00fc , 4 Kat \u0130n\u015faat Alan\u0131 \u00a0: \u00a0 \u00a0 \u00a0 \u00a0 \u00a0 \u00a01250 m2 Tarih : \u00a0 \u00a0 \u00a0 \u00a0&hellip; <\/p>\n","protected":false},"author":1,"featured_media":0,"parent":24,"menu_order":0,"comment_status":"closed","ping_status":"closed","template":"","meta":[],"_links":{"self":[{"href":"https:\/\/www.yasintezel.com\/index.php?rest_route=\/wp\/v2\/pages\/365"}],"collection":[{"href":"https:\/\/www.yasintezel.com\/index.php?rest_route=\/wp\/v2\/pages"}],"about":[{"href":"https:\/\/www.yasintezel.com\/index.php?rest_route=\/wp\/v2\/types\/page"}],"author":[{"embeddable":true,"href":"https:\/\/www.yasintezel.com\/index.php?rest_route=\/wp\/v2\/users\/1"}],"replies":[{"embeddable":true,"href":"https:\/\/www.yasintezel.com\/index.php?rest_route=%2Fwp%2Fv2%2Fcomments&post=365"}],"version-history":[{"count":9,"href":"https:\/\/www.yasintezel.com\/index.php?rest_route=\/wp\/v2\/pages\/365\/revisions"}],"predecessor-version":[{"id":1089,"href":"https:\/\/www.yasintezel.com\/index.php?rest_route=\/wp\/v2\/pages\/365\/revisions\/1089"}],"up":[{"embeddable":true,"href":"https:\/\/www.yasintezel.com\/index.php?rest_route=\/wp\/v2\/pages\/24"}],"wp:attachment":[{"href":"https:\/\/www.yasintezel.com\/index.php?rest_route=%2Fwp%2Fv2%2Fmedia&parent=365"}],"curies":[{"name":"wp","href":"https:\/\/api.w.org\/{rel}","templated":true}]}}