{"id":355,"date":"2012-01-23T17:24:37","date_gmt":"2012-01-23T15:24:37","guid":{"rendered":"http:\/\/www.yasintezel.com\/?page_id=355"},"modified":"2014-04-04T15:40:14","modified_gmt":"2014-04-04T12:40:14","slug":"sirnak-erkek-ogrenci-yurdu","status":"publish","type":"page","link":"https:\/\/www.yasintezel.com\/?page_id=355","title":{"rendered":"\u015e\u0131rnak Erkek \u00d6\u011fr. Yurdu"},"content":{"rendered":"<p><strong>Proje Yeri \u00a0: \u00a0 \u00a0 \u00a0 \u00a0 \u00a0 \u00a0 \u00a0<\/strong>\u015e\u0131rnak<\/p>\n<p><strong>Proje \u00d6zellikleri\u00a0 : \u00a0 \u00a0\u00a0<\/strong>Erkek \u00d6\u011frenci Yurdu , \u00a04 Kat<\/p>\n<p><strong>\u0130n\u015faat Alan\u0131 \u00a0: \u00a0 \u00a0 \u00a0 \u00a0 \u00a0 \u00a0<\/strong>1800 m2<\/p>\n<p><strong>Tarih : \u00a0 \u00a0 \u00a0 \u00a0 \u00a0 \u00a0 \u00a0 \u00a0 \u00a0 \u00a0 \u00a0<\/strong>10\/2011<\/p>\n\n\t\t<style type=\"text\/css\">\n\t\t\t#gallery-1 {\n\t\t\t\tmargin: auto;\n\t\t\t}\n\t\t\t#gallery-1 .gallery-item {\n\t\t\t\tfloat: left;\n\t\t\t\tmargin-top: 10px;\n\t\t\t\ttext-align: center;\n\t\t\t\twidth: 33%;\n\t\t\t}\n\t\t\t#gallery-1 img {\n\t\t\t\tborder: 2px solid #cfcfcf;\n\t\t\t}\n\t\t\t#gallery-1 .gallery-caption {\n\t\t\t\tmargin-left: 0;\n\t\t\t}\n\t\t\t\/* see gallery_shortcode() in wp-includes\/media.php *\/\n\t\t<\/style>\n\t\t<div id='gallery-1' class='gallery galleryid-355 gallery-columns-3 gallery-size-thumbnail'><dl class='gallery-item'>\n\t\t\t<dt class='gallery-icon landscape'>\n\t\t\t\t<a href='https:\/\/www.yasintezel.com\/wp-content\/uploads\/2012\/01\/pansiyon-b-pln.jpg'><img width=\"150\" height=\"150\" src=\"https:\/\/www.yasintezel.com\/wp-content\/uploads\/2012\/01\/pansiyon-b-pln-150x150.jpg\" class=\"attachment-thumbnail size-thumbnail\" alt=\"\" decoding=\"async\" loading=\"lazy\" \/><\/a>\n\t\t\t<\/dt><\/dl><dl class='gallery-item'>\n\t\t\t<dt class='gallery-icon landscape'>\n\t\t\t\t<a href='https:\/\/www.yasintezel.com\/wp-content\/uploads\/2012\/01\/pansiyon-b.jpg'><img width=\"150\" height=\"150\" src=\"https:\/\/www.yasintezel.com\/wp-content\/uploads\/2012\/01\/pansiyon-b-150x150.jpg\" class=\"attachment-thumbnail size-thumbnail\" alt=\"\" decoding=\"async\" loading=\"lazy\" \/><\/a>\n\t\t\t<\/dt><\/dl><dl class='gallery-item'>\n\t\t\t<dt class='gallery-icon landscape'>\n\t\t\t\t<a href='https:\/\/www.yasintezel.com\/wp-content\/uploads\/2012\/01\/pansiyon-b-mdl.jpg'><img width=\"150\" height=\"150\" src=\"https:\/\/www.yasintezel.com\/wp-content\/uploads\/2012\/01\/pansiyon-b-mdl-150x150.jpg\" class=\"attachment-thumbnail size-thumbnail\" alt=\"\" decoding=\"async\" loading=\"lazy\" \/><\/a>\n\t\t\t<\/dt><\/dl><br style=\"clear: both\" \/>\n\t\t<\/div>\n\n","protected":false},"excerpt":{"rendered":"<p>Proje Yeri \u00a0: \u00a0 \u00a0 \u00a0 \u00a0 \u00a0 \u00a0 \u00a0\u015e\u0131rnak Proje \u00d6zellikleri\u00a0 : \u00a0 \u00a0\u00a0Erkek \u00d6\u011frenci Yurdu , \u00a04 Kat \u0130n\u015faat Alan\u0131 \u00a0: \u00a0 \u00a0 \u00a0 \u00a0 \u00a0 \u00a01800 m2 Tarih : \u00a0 \u00a0 \u00a0 \u00a0 \u00a0 \u00a0 \u00a0 \u00a0&hellip; <\/p>\n","protected":false},"author":1,"featured_media":0,"parent":24,"menu_order":0,"comment_status":"closed","ping_status":"closed","template":"page-template-contact.php","meta":[],"_links":{"self":[{"href":"https:\/\/www.yasintezel.com\/index.php?rest_route=\/wp\/v2\/pages\/355"}],"collection":[{"href":"https:\/\/www.yasintezel.com\/index.php?rest_route=\/wp\/v2\/pages"}],"about":[{"href":"https:\/\/www.yasintezel.com\/index.php?rest_route=\/wp\/v2\/types\/page"}],"author":[{"embeddable":true,"href":"https:\/\/www.yasintezel.com\/index.php?rest_route=\/wp\/v2\/users\/1"}],"replies":[{"embeddable":true,"href":"https:\/\/www.yasintezel.com\/index.php?rest_route=%2Fwp%2Fv2%2Fcomments&post=355"}],"version-history":[{"count":9,"href":"https:\/\/www.yasintezel.com\/index.php?rest_route=\/wp\/v2\/pages\/355\/revisions"}],"predecessor-version":[{"id":753,"href":"https:\/\/www.yasintezel.com\/index.php?rest_route=\/wp\/v2\/pages\/355\/revisions\/753"}],"up":[{"embeddable":true,"href":"https:\/\/www.yasintezel.com\/index.php?rest_route=\/wp\/v2\/pages\/24"}],"wp:attachment":[{"href":"https:\/\/www.yasintezel.com\/index.php?rest_route=%2Fwp%2Fv2%2Fmedia&parent=355"}],"curies":[{"name":"wp","href":"https:\/\/api.w.org\/{rel}","templated":true}]}}