{"id":12,"date":"2010-03-06T00:10:47","date_gmt":"2010-03-05T22:10:47","guid":{"rendered":"http:\/\/www.yasintezel.com\/?page_id=12"},"modified":"2016-06-18T01:16:00","modified_gmt":"2016-06-17T22:16:00","slug":"render","status":"publish","type":"page","link":"https:\/\/www.yasintezel.com\/?page_id=12","title":{"rendered":"G\u00d6RSELLE\u015eT\u0130RME"},"content":{"rendered":"<p><a title=\"Ahmet G\u00fcner Projesi\" href=\"http:\/\/www.yasintezel.com\/?page_id=19\"><img decoding=\"async\" loading=\"lazy\" class=\"size-thumbnail wp-image-4 alignleft\" title=\"ahmet k3\" alt=\"\" src=\"http:\/\/www.yasintezel.com\/wp-content\/uploads\/2010\/02\/ahmet-k3-150x150.jpg\" width=\"150\" height=\"150\" \/><\/a><\/p>\n<p><span style=\"text-decoration: underline;\"><a style=\"font-style: normal; line-height: 24px; text-decoration: underline;\" title=\"High Tower\" href=\"http:\/\/www.yasintezel.com\/?page_id=78\"><img decoding=\"async\" loading=\"lazy\" class=\"size-thumbnail wp-image-75 alignleft\" style=\"border-style: initial; border-color: initial;\" title=\"GC Ren\" alt=\"\" src=\"http:\/\/www.yasintezel.com\/wp-content\/uploads\/2011\/03\/GC-Ren-150x150.jpg\" width=\"150\" height=\"150\" \/><\/a><\/span><a title=\"G\u00fcrol Yamak\" href=\"http:\/\/www.yasintezel.com\/?page_id=174\"><img decoding=\"async\" loading=\"lazy\" class=\"size-thumbnail wp-image-166 alignleft\" title=\"Byk r4\" alt=\"\" src=\"http:\/\/www.yasintezel.com\/wp-content\/uploads\/2011\/12\/Byk-r4-150x150.jpg\" width=\"150\" height=\"150\" \/><\/a><\/p>\n<p><a title=\"Havar Benzin \u0130stasyonu\" href=\"http:\/\/www.yasintezel.com\/?page_id=135\"><img decoding=\"async\" loading=\"lazy\" class=\"size-thumbnail wp-image-153 alignleft\" title=\"+render 5 snn\" alt=\"\" src=\"http:\/\/www.yasintezel.com\/wp-content\/uploads\/2011\/12\/+render-5-snn-150x150.jpg\" width=\"150\" height=\"150\" \/><\/a><\/p>\n<p><span style=\"color: #0000ee;\"><span style=\"text-decoration: underline;\"><a title=\"H\u00fcseyin Can Polat\" href=\"http:\/\/www.yasintezel.com\/?page_id=240\"><img decoding=\"async\" loading=\"lazy\" class=\"size-thumbnail wp-image-267 alignleft\" title=\"ren5\" alt=\"\" src=\"http:\/\/www.yasintezel.com\/wp-content\/uploads\/2012\/01\/ren5-150x150.png\" width=\"150\" height=\"150\" \/><img decoding=\"async\" loading=\"lazy\" class=\"size-thumbnail wp-image-248 alignleft\" title=\"2\" alt=\"\" src=\"http:\/\/www.yasintezel.com\/wp-content\/uploads\/2012\/01\/2-150x150.png\" width=\"150\" height=\"150\" \/><\/a><\/span><\/span><\/p>\n<div><\/div>\n<div><\/div>\n<div style=\"text-align: right;\"><span style=\"color: #0000ee;\"><span style=\"text-decoration: underline;\"><a href=\"http:\/\/www.yasintezel.com\/?page_id=447\"><img decoding=\"async\" loading=\"lazy\" class=\"size-thumbnail wp-image-457 alignleft\" title=\"plan copy\" alt=\"\" src=\"http:\/\/www.yasintezel.com\/wp-content\/uploads\/2012\/03\/plan-copy-150x150.jpg\" width=\"150\" height=\"150\" \/><\/a><a href=\"http:\/\/www.yasintezel.com\/?attachment_id=339\" rel=\"attachment wp-att-339\"><img decoding=\"async\" loading=\"lazy\" class=\"size-thumbnail wp-image-339\" title=\"ren3\" alt=\"\" src=\"http:\/\/www.yasintezel.com\/wp-content\/uploads\/2012\/01\/ren3-150x150.jpg\" width=\"150\" height=\"150\" \/><\/a><br \/>\n<\/span><\/span><\/div>\n","protected":false},"excerpt":{"rendered":"","protected":false},"author":1,"featured_media":4,"parent":0,"menu_order":4,"comment_status":"closed","ping_status":"closed","template":"","meta":[],"_links":{"self":[{"href":"https:\/\/www.yasintezel.com\/index.php?rest_route=\/wp\/v2\/pages\/12"}],"collection":[{"href":"https:\/\/www.yasintezel.com\/index.php?rest_route=\/wp\/v2\/pages"}],"about":[{"href":"https:\/\/www.yasintezel.com\/index.php?rest_route=\/wp\/v2\/types\/page"}],"author":[{"embeddable":true,"href":"https:\/\/www.yasintezel.com\/index.php?rest_route=\/wp\/v2\/users\/1"}],"replies":[{"embeddable":true,"href":"https:\/\/www.yasintezel.com\/index.php?rest_route=%2Fwp%2Fv2%2Fcomments&post=12"}],"version-history":[{"count":47,"href":"https:\/\/www.yasintezel.com\/index.php?rest_route=\/wp\/v2\/pages\/12\/revisions"}],"predecessor-version":[{"id":1025,"href":"https:\/\/www.yasintezel.com\/index.php?rest_route=\/wp\/v2\/pages\/12\/revisions\/1025"}],"wp:featuredmedia":[{"embeddable":true,"href":"https:\/\/www.yasintezel.com\/index.php?rest_route=\/wp\/v2\/media\/4"}],"wp:attachment":[{"href":"https:\/\/www.yasintezel.com\/index.php?rest_route=%2Fwp%2Fv2%2Fmedia&parent=12"}],"curies":[{"name":"wp","href":"https:\/\/api.w.org\/{rel}","templated":true}]}}