{"id":1048,"date":"2016-06-24T15:29:12","date_gmt":"2016-06-24T12:29:12","guid":{"rendered":"http:\/\/www.yasintezel.com\/?page_id=1048"},"modified":"2017-01-06T15:37:32","modified_gmt":"2017-01-06T13:37:32","slug":"29-mayis-universitesi-konsept-projesi","status":"publish","type":"page","link":"https:\/\/www.yasintezel.com\/?page_id=1048","title":{"rendered":"T.C. 29 May\u0131s \u00dcniversitesi Konsept Projesi"},"content":{"rendered":"<p><strong>Proje Yeri \u00a0: \u00a0 \u00a0 \u00a0 \u00a0 \u00a0 \u00a0 \u00a0<\/strong>\u00dcmraniye &#8211; \u0130stanbul<\/p>\n<p><strong>Proje \u00d6zellikleri\u00a0 : \u00a0 \u00a0 <\/strong>\u00dcniversite Kamp\u00fcs\u00fc ,<\/p>\n<p>D\u00f6rt adet Fak\u00fclte Binas\u0131, K\u00fct\u00fcphane Binas\u0131, Rekt\u00f6rl\u00fck Binas\u0131, Spor Salonlar\u0131, Otopark ve ortak alanlardan olu\u015fan Kamp\u00fcs projesi<\/p>\n<p><strong>\u0130n\u015faat Alan\u0131 \u00a0: \u00a0 \u00a0 \u00a0 \u00a0 \u00a0 \u00a0<\/strong>200.000 m2<\/p>\n<p><strong>Tarih : \u00a0 \u00a0 \u00a0 \u00a0 \u00a0 \u00a0 \u00a0 \u00a0 \u00a0 \u00a0 \u00a0<\/strong>05\/2013<\/p>\n\n\t\t<style type=\"text\/css\">\n\t\t\t#gallery-1 {\n\t\t\t\tmargin: auto;\n\t\t\t}\n\t\t\t#gallery-1 .gallery-item {\n\t\t\t\tfloat: left;\n\t\t\t\tmargin-top: 10px;\n\t\t\t\ttext-align: center;\n\t\t\t\twidth: 33%;\n\t\t\t}\n\t\t\t#gallery-1 img {\n\t\t\t\tborder: 2px solid #cfcfcf;\n\t\t\t}\n\t\t\t#gallery-1 .gallery-caption {\n\t\t\t\tmargin-left: 0;\n\t\t\t}\n\t\t\t\/* see gallery_shortcode() in wp-includes\/media.php *\/\n\t\t<\/style>\n\t\t<div id='gallery-1' class='gallery galleryid-1048 gallery-columns-3 gallery-size-thumbnail'><dl class='gallery-item'>\n\t\t\t<dt class='gallery-icon landscape'>\n\t\t\t\t<a href='https:\/\/www.yasintezel.com\/wp-content\/uploads\/2016\/06\/vaziyet-A4-2-e1483516893684.jpg'><img width=\"150\" height=\"150\" src=\"https:\/\/www.yasintezel.com\/wp-content\/uploads\/2016\/06\/vaziyet-A4-2-e1483516884323-150x150.jpg\" class=\"attachment-thumbnail size-thumbnail\" alt=\"\" decoding=\"async\" loading=\"lazy\" \/><\/a>\n\t\t\t<\/dt><\/dl><dl class='gallery-item'>\n\t\t\t<dt class='gallery-icon landscape'>\n\t\t\t\t<a href='https:\/\/www.yasintezel.com\/wp-content\/uploads\/2016\/06\/001-A4-e1483516173576.jpg'><img width=\"150\" height=\"150\" src=\"https:\/\/www.yasintezel.com\/wp-content\/uploads\/2016\/06\/001-A4-150x150.jpg\" class=\"attachment-thumbnail size-thumbnail\" alt=\"\" decoding=\"async\" loading=\"lazy\" \/><\/a>\n\t\t\t<\/dt><\/dl><dl class='gallery-item'>\n\t\t\t<dt class='gallery-icon landscape'>\n\t\t\t\t<a href='https:\/\/www.yasintezel.com\/wp-content\/uploads\/2016\/06\/002-A4-e1483516195428.jpg'><img width=\"150\" height=\"150\" src=\"https:\/\/www.yasintezel.com\/wp-content\/uploads\/2016\/06\/002-A4-150x150.jpg\" class=\"attachment-thumbnail size-thumbnail\" alt=\"\" decoding=\"async\" loading=\"lazy\" \/><\/a>\n\t\t\t<\/dt><\/dl><br style=\"clear: both\" \/><dl class='gallery-item'>\n\t\t\t<dt class='gallery-icon landscape'>\n\t\t\t\t<a href='https:\/\/www.yasintezel.com\/wp-content\/uploads\/2016\/06\/003-A4-e1483516228475.jpg'><img width=\"150\" height=\"150\" src=\"https:\/\/www.yasintezel.com\/wp-content\/uploads\/2016\/06\/003-A4-150x150.jpg\" class=\"attachment-thumbnail size-thumbnail\" alt=\"\" decoding=\"async\" loading=\"lazy\" \/><\/a>\n\t\t\t<\/dt><\/dl><dl class='gallery-item'>\n\t\t\t<dt class='gallery-icon landscape'>\n\t\t\t\t<a href='https:\/\/www.yasintezel.com\/wp-content\/uploads\/2016\/06\/007-A4-B-e1483516240428.jpg'><img width=\"150\" height=\"150\" src=\"https:\/\/www.yasintezel.com\/wp-content\/uploads\/2016\/06\/007-A4-B-150x150.jpg\" class=\"attachment-thumbnail size-thumbnail\" alt=\"\" decoding=\"async\" loading=\"lazy\" \/><\/a>\n\t\t\t<\/dt><\/dl><dl class='gallery-item'>\n\t\t\t<dt class='gallery-icon landscape'>\n\t\t\t\t<a href='https:\/\/www.yasintezel.com\/wp-content\/uploads\/2016\/06\/008-A4-e1483516251984.jpg'><img width=\"150\" height=\"150\" src=\"https:\/\/www.yasintezel.com\/wp-content\/uploads\/2016\/06\/008-A4-150x150.jpg\" class=\"attachment-thumbnail size-thumbnail\" alt=\"\" decoding=\"async\" loading=\"lazy\" \/><\/a>\n\t\t\t<\/dt><\/dl><br style=\"clear: both\" \/><dl class='gallery-item'>\n\t\t\t<dt class='gallery-icon landscape'>\n\t\t\t\t<a href='https:\/\/www.yasintezel.com\/wp-content\/uploads\/2016\/06\/010-A4-e1483516261243.jpg'><img width=\"150\" height=\"150\" src=\"https:\/\/www.yasintezel.com\/wp-content\/uploads\/2016\/06\/010-A4-150x150.jpg\" class=\"attachment-thumbnail size-thumbnail\" alt=\"\" decoding=\"async\" loading=\"lazy\" \/><\/a>\n\t\t\t<\/dt><\/dl><dl class='gallery-item'>\n\t\t\t<dt class='gallery-icon landscape'>\n\t\t\t\t<a href='https:\/\/www.yasintezel.com\/wp-content\/uploads\/2016\/06\/011-A4-e1483516327489.jpg'><img width=\"150\" height=\"150\" src=\"https:\/\/www.yasintezel.com\/wp-content\/uploads\/2016\/06\/011-A4-150x150.jpg\" class=\"attachment-thumbnail size-thumbnail\" alt=\"\" decoding=\"async\" loading=\"lazy\" \/><\/a>\n\t\t\t<\/dt><\/dl><dl class='gallery-item'>\n\t\t\t<dt class='gallery-icon landscape'>\n\t\t\t\t<a href='https:\/\/www.yasintezel.com\/wp-content\/uploads\/2016\/06\/012-A4-e1483516341456.jpg'><img width=\"150\" height=\"150\" src=\"https:\/\/www.yasintezel.com\/wp-content\/uploads\/2016\/06\/012-A4-150x150.jpg\" class=\"attachment-thumbnail size-thumbnail\" alt=\"\" decoding=\"async\" loading=\"lazy\" \/><\/a>\n\t\t\t<\/dt><\/dl><br style=\"clear: both\" \/><dl class='gallery-item'>\n\t\t\t<dt class='gallery-icon landscape'>\n\t\t\t\t<a href='https:\/\/www.yasintezel.com\/wp-content\/uploads\/2016\/06\/013-A4-e1483516357233.jpg'><img width=\"150\" height=\"150\" src=\"https:\/\/www.yasintezel.com\/wp-content\/uploads\/2016\/06\/013-A4-150x150.jpg\" class=\"attachment-thumbnail size-thumbnail\" alt=\"\" decoding=\"async\" loading=\"lazy\" \/><\/a>\n\t\t\t<\/dt><\/dl><dl class='gallery-item'>\n\t\t\t<dt class='gallery-icon landscape'>\n\t\t\t\t<a href='https:\/\/www.yasintezel.com\/wp-content\/uploads\/2016\/06\/014-A4-e1483516373249.jpg'><img width=\"150\" height=\"150\" src=\"https:\/\/www.yasintezel.com\/wp-content\/uploads\/2016\/06\/014-A4-150x150.jpg\" class=\"attachment-thumbnail size-thumbnail\" alt=\"\" decoding=\"async\" loading=\"lazy\" \/><\/a>\n\t\t\t<\/dt><\/dl><dl class='gallery-item'>\n\t\t\t<dt class='gallery-icon landscape'>\n\t\t\t\t<a href='https:\/\/www.yasintezel.com\/wp-content\/uploads\/2016\/06\/015-A4-e1483516801943.jpg'><img width=\"150\" height=\"150\" src=\"https:\/\/www.yasintezel.com\/wp-content\/uploads\/2016\/06\/015-A4-150x150.jpg\" class=\"attachment-thumbnail size-thumbnail\" alt=\"\" decoding=\"async\" loading=\"lazy\" \/><\/a>\n\t\t\t<\/dt><\/dl><br style=\"clear: both\" \/><dl class='gallery-item'>\n\t\t\t<dt class='gallery-icon landscape'>\n\t\t\t\t<a href='https:\/\/www.yasintezel.com\/wp-content\/uploads\/2016\/06\/016-A4-e1483516812812.jpg'><img width=\"150\" height=\"150\" src=\"https:\/\/www.yasintezel.com\/wp-content\/uploads\/2016\/06\/016-A4-150x150.jpg\" class=\"attachment-thumbnail size-thumbnail\" alt=\"\" decoding=\"async\" loading=\"lazy\" \/><\/a>\n\t\t\t<\/dt><\/dl><dl class='gallery-item'>\n\t\t\t<dt class='gallery-icon landscape'>\n\t\t\t\t<a href='https:\/\/www.yasintezel.com\/wp-content\/uploads\/2016\/06\/017-A4-e1483516821370.jpg'><img width=\"150\" height=\"150\" src=\"https:\/\/www.yasintezel.com\/wp-content\/uploads\/2016\/06\/017-A4-150x150.jpg\" class=\"attachment-thumbnail size-thumbnail\" alt=\"\" decoding=\"async\" loading=\"lazy\" \/><\/a>\n\t\t\t<\/dt><\/dl><dl class='gallery-item'>\n\t\t\t<dt class='gallery-icon landscape'>\n\t\t\t\t<a href='https:\/\/www.yasintezel.com\/wp-content\/uploads\/2016\/06\/018-A4-e1483516835696.jpg'><img width=\"150\" height=\"150\" src=\"https:\/\/www.yasintezel.com\/wp-content\/uploads\/2016\/06\/018-A4-150x150.jpg\" class=\"attachment-thumbnail size-thumbnail\" alt=\"\" decoding=\"async\" loading=\"lazy\" \/><\/a>\n\t\t\t<\/dt><\/dl><br style=\"clear: both\" \/>\n\t\t<\/div>\n\n","protected":false},"excerpt":{"rendered":"<p>Proje Yeri \u00a0: \u00a0 \u00a0 \u00a0 \u00a0 \u00a0 \u00a0 \u00a0\u00dcmraniye &#8211; \u0130stanbul Proje \u00d6zellikleri\u00a0 : \u00a0 \u00a0 \u00dcniversite Kamp\u00fcs\u00fc , D\u00f6rt adet Fak\u00fclte Binas\u0131, K\u00fct\u00fcphane Binas\u0131, Rekt\u00f6rl\u00fck Binas\u0131, Spor Salonlar\u0131, Otopark ve ortak alanlardan olu\u015fan Kamp\u00fcs projesi \u0130n\u015faat Alan\u0131 \u00a0:&hellip; <\/p>\n","protected":false},"author":1,"featured_media":1054,"parent":0,"menu_order":0,"comment_status":"closed","ping_status":"closed","template":"","meta":[],"_links":{"self":[{"href":"https:\/\/www.yasintezel.com\/index.php?rest_route=\/wp\/v2\/pages\/1048"}],"collection":[{"href":"https:\/\/www.yasintezel.com\/index.php?rest_route=\/wp\/v2\/pages"}],"about":[{"href":"https:\/\/www.yasintezel.com\/index.php?rest_route=\/wp\/v2\/types\/page"}],"author":[{"embeddable":true,"href":"https:\/\/www.yasintezel.com\/index.php?rest_route=\/wp\/v2\/users\/1"}],"replies":[{"embeddable":true,"href":"https:\/\/www.yasintezel.com\/index.php?rest_route=%2Fwp%2Fv2%2Fcomments&post=1048"}],"version-history":[{"count":6,"href":"https:\/\/www.yasintezel.com\/index.php?rest_route=\/wp\/v2\/pages\/1048\/revisions"}],"predecessor-version":[{"id":1090,"href":"https:\/\/www.yasintezel.com\/index.php?rest_route=\/wp\/v2\/pages\/1048\/revisions\/1090"}],"wp:featuredmedia":[{"embeddable":true,"href":"https:\/\/www.yasintezel.com\/index.php?rest_route=\/wp\/v2\/media\/1054"}],"wp:attachment":[{"href":"https:\/\/www.yasintezel.com\/index.php?rest_route=%2Fwp%2Fv2%2Fmedia&parent=1048"}],"curies":[{"name":"wp","href":"https:\/\/api.w.org\/{rel}","templated":true}]}}