{"id":1030,"date":"2016-06-18T01:17:49","date_gmt":"2016-06-17T22:17:49","guid":{"rendered":"http:\/\/www.yasintezel.com\/?page_id=1030"},"modified":"2016-07-30T17:44:45","modified_gmt":"2016-07-30T14:44:45","slug":"29-mayis-universitesi-celik-merdiven","status":"publish","type":"page","link":"https:\/\/www.yasintezel.com\/?page_id=1030","title":{"rendered":"T.C. 29 May\u0131s \u00dcniversitesi \u00c7elik Merdiveni"},"content":{"rendered":"","protected":false},"excerpt":{"rendered":"","protected":false},"author":1,"featured_media":0,"parent":1026,"menu_order":0,"comment_status":"closed","ping_status":"closed","template":"","meta":[],"_links":{"self":[{"href":"https:\/\/www.yasintezel.com\/index.php?rest_route=\/wp\/v2\/pages\/1030"}],"collection":[{"href":"https:\/\/www.yasintezel.com\/index.php?rest_route=\/wp\/v2\/pages"}],"about":[{"href":"https:\/\/www.yasintezel.com\/index.php?rest_route=\/wp\/v2\/types\/page"}],"author":[{"embeddable":true,"href":"https:\/\/www.yasintezel.com\/index.php?rest_route=\/wp\/v2\/users\/1"}],"replies":[{"embeddable":true,"href":"https:\/\/www.yasintezel.com\/index.php?rest_route=%2Fwp%2Fv2%2Fcomments&post=1030"}],"version-history":[{"count":3,"href":"https:\/\/www.yasintezel.com\/index.php?rest_route=\/wp\/v2\/pages\/1030\/revisions"}],"predecessor-version":[{"id":1082,"href":"https:\/\/www.yasintezel.com\/index.php?rest_route=\/wp\/v2\/pages\/1030\/revisions\/1082"}],"up":[{"embeddable":true,"href":"https:\/\/www.yasintezel.com\/index.php?rest_route=\/wp\/v2\/pages\/1026"}],"wp:attachment":[{"href":"https:\/\/www.yasintezel.com\/index.php?rest_route=%2Fwp%2Fv2%2Fmedia&parent=1030"}],"curies":[{"name":"wp","href":"https:\/\/api.w.org\/{rel}","templated":true}]}}