{"id":1028,"date":"2016-06-18T01:17:19","date_gmt":"2016-06-17T22:17:19","guid":{"rendered":"http:\/\/www.yasintezel.com\/?page_id=1028"},"modified":"2016-07-30T17:44:55","modified_gmt":"2016-07-30T14:44:55","slug":"29-mayis-universitesi-celik-cati","status":"publish","type":"page","link":"https:\/\/www.yasintezel.com\/?page_id=1028","title":{"rendered":"T.C. 29 May\u0131s \u00dcniversitesi \u00c7elik \u00c7at\u0131s\u0131"},"content":{"rendered":"<div id=\"pl-1028\"  class=\"panel-layout\" ><div id=\"pg-1028-0\"  class=\"panel-grid panel-no-style\" ><div id=\"pgc-1028-0-0\"  class=\"panel-grid-cell panel-grid-cell-empty\" ><\/div><\/div><div id=\"pg-1028-1\"  class=\"panel-grid panel-no-style\" ><div id=\"pgc-1028-1-0\"  class=\"panel-grid-cell\" ><div id=\"panel-1028-1-0-0\" class=\"so-panel widget widget_sow-image panel-first-child panel-last-child\" data-index=\"0\" ><div class=\"so-widget-sow-image so-widget-sow-image-default-d6014b76747a\">\n\n<div class=\"sow-image-container\">\n\t<img src=\"https:\/\/www.yasintezel.com\/wp-content\/uploads\/2016\/06\/cami-kubbe.png\" width=\"1761\" height=\"1151\" srcset=\"https:\/\/www.yasintezel.com\/wp-content\/uploads\/2016\/06\/cami-kubbe.png 1761w, https:\/\/www.yasintezel.com\/wp-content\/uploads\/2016\/06\/cami-kubbe-300x196.png 300w, https:\/\/www.yasintezel.com\/wp-content\/uploads\/2016\/06\/cami-kubbe-768x502.png 768w, https:\/\/www.yasintezel.com\/wp-content\/uploads\/2016\/06\/cami-kubbe-1024x669.png 1024w\" sizes=\"(max-width: 1761px) 100vw, 1761px\" title=\"cami kubbe\" alt=\"\" \t\tclass=\"so-widget-image\"\/>\n<\/div>\n\n<\/div><\/div><\/div><div id=\"pgc-1028-1-1\"  class=\"panel-grid-cell\" ><div id=\"panel-1028-1-1-0\" class=\"so-panel widget widget_sow-editor panel-first-child panel-last-child\" data-index=\"1\" ><div class=\"so-widget-sow-editor so-widget-sow-editor-base\">\n<div class=\"siteorigin-widget-tinymce textwidget\">\n\t<p>Proje Adi :29 May\u0131s \u00dcniversitesi \u00c7elik \u00c7at\u0131 Projesi<br \/>\nProje Yeri :\u0130stanbul \/ \u00dcmraniye<br \/>\nToplam \u0130n\u015faat Alan\u0131\/m2 :109.257 m2<br \/>\n\u0130\u015fveren :T.C. \u0130stanbul 29 May\u0131s \u00dcniversitesi<br \/>\nMimari Proje :Kamil G\u00fcrb\u00fcz Mimarl\u0131k<br \/>\nProje Tipi :T.C. \u0130stanbul 29 May\u0131s \u00dcniversitesi K\u00fct\u00fcphane binas\u0131n\u0131n \u00e7elik \u00e7at\u0131 projelendirme i\u015fi<\/p>\n<\/div>\n<\/div><\/div><\/div><\/div><\/div>","protected":false},"excerpt":{"rendered":"<p>Proje Adi :29 May\u0131s \u00dcniversitesi \u00c7elik \u00c7at\u0131 Projesi Proje Yeri :\u0130stanbul \/ \u00dcmraniye Toplam \u0130n\u015faat Alan\u0131\/m2 :109.257 m2 \u0130\u015fveren :T.C. \u0130stanbul 29 May\u0131s \u00dcniversitesi Mimari Proje :Kamil G\u00fcrb\u00fcz Mimarl\u0131k Proje Tipi :T.C. \u0130stanbul 29 May\u0131s \u00dcniversitesi K\u00fct\u00fcphane binas\u0131n\u0131n \u00e7elik \u00e7at\u0131&hellip; <\/p>\n","protected":false},"author":1,"featured_media":0,"parent":1026,"menu_order":0,"comment_status":"closed","ping_status":"closed","template":"","meta":[],"_links":{"self":[{"href":"https:\/\/www.yasintezel.com\/index.php?rest_route=\/wp\/v2\/pages\/1028"}],"collection":[{"href":"https:\/\/www.yasintezel.com\/index.php?rest_route=\/wp\/v2\/pages"}],"about":[{"href":"https:\/\/www.yasintezel.com\/index.php?rest_route=\/wp\/v2\/types\/page"}],"author":[{"embeddable":true,"href":"https:\/\/www.yasintezel.com\/index.php?rest_route=\/wp\/v2\/users\/1"}],"replies":[{"embeddable":true,"href":"https:\/\/www.yasintezel.com\/index.php?rest_route=%2Fwp%2Fv2%2Fcomments&post=1028"}],"version-history":[{"count":6,"href":"https:\/\/www.yasintezel.com\/index.php?rest_route=\/wp\/v2\/pages\/1028\/revisions"}],"predecessor-version":[{"id":1083,"href":"https:\/\/www.yasintezel.com\/index.php?rest_route=\/wp\/v2\/pages\/1028\/revisions\/1083"}],"up":[{"embeddable":true,"href":"https:\/\/www.yasintezel.com\/index.php?rest_route=\/wp\/v2\/pages\/1026"}],"wp:attachment":[{"href":"https:\/\/www.yasintezel.com\/index.php?rest_route=%2Fwp%2Fv2%2Fmedia&parent=1028"}],"curies":[{"name":"wp","href":"https:\/\/api.w.org\/{rel}","templated":true}]}}